{"id":34,"date":"2020-10-05T22:24:22","date_gmt":"2020-10-05T22:24:22","guid":{"rendered":"https:\/\/goldenconexion.com\/agenciadeviajesafiliados\/?page_id=34"},"modified":"2020-10-06T02:14:31","modified_gmt":"2020-10-06T02:14:31","slug":"contactos","status":"publish","type":"page","link":"https:\/\/goldenconexion.com\/agenciadeviajesafiliados\/contactos\/","title":{"rendered":"Contactos"},"content":{"rendered":"<p>[et_pb_section fb_built=\u00bb1&#8243; _builder_version=\u00bb4.6.5&#8243; _module_preset=\u00bbdefault\u00bb][et_pb_row column_structure=\u00bb2_5,3_5&#8243; _builder_version=\u00bb4.6.5&#8243; _module_preset=\u00bbdefault\u00bb width=\u00bb85%\u00bb max_width=\u00bb100%\u00bb][et_pb_column type=\u00bb2_5&#8243; _builder_version=\u00bb4.6.5&#8243; _module_preset=\u00bbdefault\u00bb][et_pb_image src=\u00bbhttps:\/\/goldenconexion.com\/agenciadeviajesafiliados\/wp-content\/uploads\/2020\/10\/765.jpg\u00bb title_text=\u00bb765&#8243; _builder_version=\u00bb4.6.5&#8243; _module_preset=\u00bbdefault\u00bb][\/et_pb_image][\/et_pb_column][et_pb_column type=\u00bb3_5&#8243; _builder_version=\u00bb4.6.5&#8243; _module_preset=\u00bbdefault\u00bb][et_pb_text _builder_version=\u00bb4.6.5&#8243; _module_preset=\u00bbdefault\u00bb text_text_color=\u00bb#242424&#8243; text_font_size=\u00bb16px\u00bb text_line_height=\u00bb1.8em\u00bb hover_enabled=\u00bb0&#8243; sticky_enabled=\u00bb0&#8243;]<\/p>\n<p><span>Golden Conexion SRL advierte al usuario que en desarrollo de lo dispuesto en la Ley, la explotaci\u00f3n y el abuso sexual de ni\u00f1os, ni\u00f1as y adolescentes en el pa\u00eds son sancionadas penal y administrativamente, conforme a las leyes vigentes.<\/span><\/p>\n<p>[\/et_pb_text][\/et_pb_column][\/et_pb_row][et_pb_row _builder_version=\u00bb4.6.5&#8243; _module_preset=\u00bbdefault\u00bb width=\u00bb85%\u00bb width_tablet=\u00bb96%\u00bb width_phone=\u00bb\u00bb width_last_edited=\u00bbon|phone\u00bb max_width=\u00bb100%\u00bb module_alignment=\u00bbcenter\u00bb][et_pb_column type=\u00bb4_4&#8243; _builder_version=\u00bb4.6.5&#8243; _module_preset=\u00bbdefault\u00bb][et_pb_code _builder_version=\u00bb4.6.5&#8243; _module_preset=\u00bbdefault\u00bb hover_enabled=\u00bb0&#8243; sticky_enabled=\u00bb0&#8243;]<iframe loading=\"lazy\" src=\"https:\/\/www.google.com\/maps\/embed?pb=!1m14!1m8!1m3!1d7928.463147558197!2d-76.3720723651123!3d-6.492335759575184!3m2!1i1024!2i768!4f13.1!3m3!1m2!1s0x91ba0bf6912a78d5%3A0x83b8a07845d4c4f6!2sJr.%20Ramon%20Castilla%20912%2C%20Tarapoto%2022201%2C%20Per%C3%BA!5e0!3m2!1ses!2sus!4v1601950424079!5m2!1ses!2sus\" width=\"100%\" height=\"450\" frameborder=\"0\" style=\"border:0;\" allowfullscreen=\"\" aria-hidden=\"false\" tabindex=\"0\"><\/iframe>[\/et_pb_code][\/et_pb_column][\/et_pb_row][\/et_pb_section]<\/p>\n","protected":false},"excerpt":{"rendered":"<p>Golden Conexion SRL advierte al usuario que en desarrollo de lo dispuesto en la Ley, la explotaci\u00f3n y el abuso sexual de ni\u00f1os, ni\u00f1as y adolescentes en el pa\u00eds son sancionadas penal y administrativamente, conforme a las leyes vigentes.<\/p>\n","protected":false},"author":1,"featured_media":0,"parent":0,"menu_order":0,"comment_status":"closed","ping_status":"closed","template":"","meta":{"_et_pb_use_builder":"on","_et_pb_old_content":"<!-- wp:divi\/placeholder \/-->","_et_gb_content_width":"","footnotes":""},"_links":{"self":[{"href":"https:\/\/goldenconexion.com\/agenciadeviajesafiliados\/wp-json\/wp\/v2\/pages\/34"}],"collection":[{"href":"https:\/\/goldenconexion.com\/agenciadeviajesafiliados\/wp-json\/wp\/v2\/pages"}],"about":[{"href":"https:\/\/goldenconexion.com\/agenciadeviajesafiliados\/wp-json\/wp\/v2\/types\/page"}],"author":[{"embeddable":true,"href":"https:\/\/goldenconexion.com\/agenciadeviajesafiliados\/wp-json\/wp\/v2\/users\/1"}],"replies":[{"embeddable":true,"href":"https:\/\/goldenconexion.com\/agenciadeviajesafiliados\/wp-json\/wp\/v2\/comments?post=34"}],"version-history":[{"count":4,"href":"https:\/\/goldenconexion.com\/agenciadeviajesafiliados\/wp-json\/wp\/v2\/pages\/34\/revisions"}],"predecessor-version":[{"id":129,"href":"https:\/\/goldenconexion.com\/agenciadeviajesafiliados\/wp-json\/wp\/v2\/pages\/34\/revisions\/129"}],"wp:attachment":[{"href":"https:\/\/goldenconexion.com\/agenciadeviajesafiliados\/wp-json\/wp\/v2\/media?parent=34"}],"curies":[{"name":"wp","href":"https:\/\/api.w.org\/{rel}","templated":true}]}}